{"id":112,"date":"2020-09-24T13:59:12","date_gmt":"2020-09-24T13:59:12","guid":{"rendered":"https:\/\/www.hierontaturunen.fi\/?page_id=112"},"modified":"2024-08-01T11:43:48","modified_gmt":"2024-08-01T11:43:48","slug":"ajankohtaista-2","status":"publish","type":"page","link":"https:\/\/www.hierontaturunen.fi\/index.php\/ajankohtaista-2\/","title":{"rendered":"Ajankohtaista"},"content":{"rendered":"\n<p><\/p>\n\n\n\n<p class=\"has-medium-font-size\">Korona<\/p>\n\n\n\n<p>Huolehdin osaltani koronaviruksen levi\u00e4misen est\u00e4misest\u00e4 ja pyrin tekem\u00e4\u00e4n hierontaan tulosta mahdollisimman turvallista.<\/p>\n\n\n\n<ul class=\"wp-block-list\">\n<li>Pid\u00e4n v\u00e4hint\u00e4\u00e4n 15 minuutin tuuletustauot asiakkaiden v\u00e4lill\u00e4<\/li>\n\n\n\n<li>K\u00e4yt\u00e4n kasvomaskia tarvittaessa<\/li>\n\n\n\n<li>Olen ottanut rokotteeni<\/li>\n\n\n\n<li>Huolehdin pintojen ml. ovien kahvojen desinfioinnista jokaisen asiakkaan j\u00e4lkeen<\/li>\n\n\n\n<li>Peruutan hieronta-ajat, jos itse sairastun<\/li>\n\n\n\n<li>Ilmoitan ajan varanneille, jos perheess\u00e4ni on flunssaa<\/li>\n<\/ul>\n\n\n\n<p>Toivon, ett\u00e4 n\u00e4ill\u00e4 toimenpiteill\u00e4 voit turvallisin mielin tulla hierontaan ja tietenkin vain, jos olet terve. Hieronta-ajan voi peruuttaa maksutta my\u00f6s samana p\u00e4iv\u00e4n\u00e4 jos ep\u00e4ilet itsell\u00e4si tai perheenj\u00e4senell\u00e4si koronatartuntaa tai jos sinulla on mit\u00e4 tahansa flunssan oireita.<\/p>\n\n\n\n<figure class=\"wp-block-image size-large is-resized\"><img loading=\"lazy\" decoding=\"async\" width=\"942\" height=\"960\" src=\"https:\/\/www.hierontaturunen.fi\/wp-content\/uploads\/2020\/09\/maskilla.jpg\" alt=\"\" class=\"wp-image-114\" style=\"width:241px;height:245px\" srcset=\"https:\/\/www.hierontaturunen.fi\/wp-content\/uploads\/2020\/09\/maskilla.jpg 942w, https:\/\/www.hierontaturunen.fi\/wp-content\/uploads\/2020\/09\/maskilla-294x300.jpg 294w, https:\/\/www.hierontaturunen.fi\/wp-content\/uploads\/2020\/09\/maskilla-768x783.jpg 768w\" sizes=\"auto, (max-width: 706px) 89vw, (max-width: 767px) 82vw, 740px\" \/><\/figure>\n\n\n\n<p class=\"has-medium-font-size\">Lahjakortit<\/p>\n\n\n\n<p>Lahjakortin voi tulla ostamaan sovittuun aikaan. Kortin voi r\u00e4\u00e4t\u00e4l\u00f6id\u00e4 mielens\u00e4 mukaan esim. 2*45 min = 100 \u20ac. Yl\u00e4st\u00f6n alueella on my\u00f6s mahdollista saada lahjakortti toimitettuna postilaatikkoonne.<\/p>\n\n\n\n<p><\/p>\n\n\n\n<p><\/p>\n\n\n\n<p><\/p>\n\n\n\n<div class=\"wp-block-group\"><div class=\"wp-block-group__inner-container is-layout-flow wp-block-group-is-layout-flow\"><\/div><\/div>\n\n\n\n<p><\/p>\n","protected":false},"excerpt":{"rendered":"<p>Korona Huolehdin osaltani koronaviruksen levi\u00e4misen est\u00e4misest\u00e4 ja pyrin tekem\u00e4\u00e4n hierontaan tulosta mahdollisimman turvallista. Toivon, ett\u00e4 n\u00e4ill\u00e4 toimenpiteill\u00e4 voit turvallisin mielin tulla hierontaan ja tietenkin vain, jos olet terve. Hieronta-ajan voi peruuttaa maksutta my\u00f6s samana p\u00e4iv\u00e4n\u00e4 jos ep\u00e4ilet itsell\u00e4si tai perheenj\u00e4senell\u00e4si koronatartuntaa tai jos sinulla on mit\u00e4 tahansa flunssan oireita. Lahjakortit Lahjakortin voi tulla ostamaan sovittuun &hellip; <\/p>\n<p class=\"link-more\"><a href=\"https:\/\/www.hierontaturunen.fi\/index.php\/ajankohtaista-2\/\" class=\"more-link\">Jatka lukemista<span class=\"screen-reader-text\"> &#8221;Ajankohtaista&#8221;<\/span><\/a><\/p>\n","protected":false},"author":1,"featured_media":0,"parent":0,"menu_order":0,"comment_status":"closed","ping_status":"closed","template":"","meta":{"footnotes":""},"class_list":["post-112","page","type-page","status-publish","hentry"],"_links":{"self":[{"href":"https:\/\/www.hierontaturunen.fi\/index.php\/wp-json\/wp\/v2\/pages\/112","targetHints":{"allow":["GET"]}}],"collection":[{"href":"https:\/\/www.hierontaturunen.fi\/index.php\/wp-json\/wp\/v2\/pages"}],"about":[{"href":"https:\/\/www.hierontaturunen.fi\/index.php\/wp-json\/wp\/v2\/types\/page"}],"author":[{"embeddable":true,"href":"https:\/\/www.hierontaturunen.fi\/index.php\/wp-json\/wp\/v2\/users\/1"}],"replies":[{"embeddable":true,"href":"https:\/\/www.hierontaturunen.fi\/index.php\/wp-json\/wp\/v2\/comments?post=112"}],"version-history":[{"count":22,"href":"https:\/\/www.hierontaturunen.fi\/index.php\/wp-json\/wp\/v2\/pages\/112\/revisions"}],"predecessor-version":[{"id":218,"href":"https:\/\/www.hierontaturunen.fi\/index.php\/wp-json\/wp\/v2\/pages\/112\/revisions\/218"}],"wp:attachment":[{"href":"https:\/\/www.hierontaturunen.fi\/index.php\/wp-json\/wp\/v2\/media?parent=112"}],"curies":[{"name":"wp","href":"https:\/\/api.w.org\/{rel}","templated":true}]}}