{"id":39,"date":"2019-07-23T11:00:49","date_gmt":"2019-07-23T11:00:49","guid":{"rendered":"https:\/\/www.hierontaturunen.fi\/?page_id=39"},"modified":"2024-06-28T09:15:47","modified_gmt":"2024-06-28T09:15:47","slug":"palvelut","status":"publish","type":"page","link":"https:\/\/www.hierontaturunen.fi\/index.php\/palvelut\/","title":{"rendered":"Palvelut ja hinnasto 1.8.2024"},"content":{"rendered":"\n<p><\/p>\n\n\n\n<p class=\"has-text-align-left\">Klassinen hieronta 30 min 38 \u20ac<br>Klassinen hieronta 45 min 50 \u20ac<br>Klassinen hieronta 60 min 62 \u20ac<br>Klassinen hieronta 90 min 84 \u20ac<\/p>\n\n\n\n<p class=\"has-text-align-left\">Purentalihasten hieronta 90 min 88 \u20ac<br><br>El\u00e4kel\u00e4isten sarjakortti: 4&#215;60 min = 190 \u20ac. Sarja maksetaan ensimm\u00e4isell\u00e4 k\u00e4ynnill\u00e4 ja k\u00e4ytet\u00e4\u00e4n kolmen kuukauden kuluessa arkisin klo 9 ja 14 v\u00e4lill\u00e4.<br><\/p>\n\n\n\n<p class=\"has-text-align-left\"><\/p>\n\n\n\n<p class=\"has-text-align-left\"><br><\/p>\n\n\n\n<p><\/p>\n\n\n\n<p><\/p>\n\n\n\n<p>Saatavilla my\u00f6s lahjakortteja.<\/p>\n\n\n\n<p>Maksuv\u00e4linein\u00e4 pankkikortti, k\u00e4teinen, mobile pay, epassi hyvinvointi, smartum hierontaetu ja edenredin hierontaetu.<\/p>\n\n\n\n<figure class=\"wp-block-image size-large is-resized\"><img loading=\"lazy\" decoding=\"async\" width=\"1024\" height=\"1024\" src=\"https:\/\/www.hierontaturunen.fi\/wp-content\/uploads\/2023\/03\/wellbeing-dark-1024x1024.png\" alt=\"\" class=\"wp-image-185\" style=\"width:222px;height:222px\" srcset=\"https:\/\/www.hierontaturunen.fi\/wp-content\/uploads\/2023\/03\/wellbeing-dark-1024x1024.png 1024w, https:\/\/www.hierontaturunen.fi\/wp-content\/uploads\/2023\/03\/wellbeing-dark-300x300.png 300w, https:\/\/www.hierontaturunen.fi\/wp-content\/uploads\/2023\/03\/wellbeing-dark-150x150.png 150w, https:\/\/www.hierontaturunen.fi\/wp-content\/uploads\/2023\/03\/wellbeing-dark-768x768.png 768w, https:\/\/www.hierontaturunen.fi\/wp-content\/uploads\/2023\/03\/wellbeing-dark-1536x1536.png 1536w, https:\/\/www.hierontaturunen.fi\/wp-content\/uploads\/2023\/03\/wellbeing-dark-2048x2048.png 2048w, https:\/\/www.hierontaturunen.fi\/wp-content\/uploads\/2023\/03\/wellbeing-dark-100x100.png 100w\" sizes=\"auto, (max-width: 706px) 89vw, (max-width: 767px) 82vw, 740px\" \/><\/figure>\n\n\n\n<figure class=\"wp-block-image size-full is-resized\"><img loading=\"lazy\" decoding=\"async\" width=\"200\" height=\"99\" src=\"https:\/\/www.hierontaturunen.fi\/wp-content\/uploads\/2023\/03\/SmartumPay_meillakay_punainen-1.png\" alt=\"\" class=\"wp-image-189\" style=\"width:220px;height:109px\"\/><\/figure>\n\n\n\n<figure class=\"wp-block-image size-large is-resized\"><img loading=\"lazy\" decoding=\"async\" width=\"1024\" height=\"658\" src=\"https:\/\/www.hierontaturunen.fi\/wp-content\/uploads\/2023\/11\/Edenred_logo_CMYK_red-1024x658.webp\" alt=\"\" class=\"wp-image-201\" style=\"width:219px;height:auto\" srcset=\"https:\/\/www.hierontaturunen.fi\/wp-content\/uploads\/2023\/11\/Edenred_logo_CMYK_red-1024x658.webp 1024w, https:\/\/www.hierontaturunen.fi\/wp-content\/uploads\/2023\/11\/Edenred_logo_CMYK_red-300x193.webp 300w, https:\/\/www.hierontaturunen.fi\/wp-content\/uploads\/2023\/11\/Edenred_logo_CMYK_red-768x494.webp 768w, https:\/\/www.hierontaturunen.fi\/wp-content\/uploads\/2023\/11\/Edenred_logo_CMYK_red-1536x987.webp 1536w, https:\/\/www.hierontaturunen.fi\/wp-content\/uploads\/2023\/11\/Edenred_logo_CMYK_red.webp 1722w\" sizes=\"auto, (max-width: 706px) 89vw, (max-width: 767px) 82vw, 740px\" \/><\/figure>\n","protected":false},"excerpt":{"rendered":"<p>Klassinen hieronta 30 min 38 \u20acKlassinen hieronta 45 min 50 \u20acKlassinen hieronta 60 min 62 \u20acKlassinen hieronta 90 min 84 \u20ac Purentalihasten hieronta 90 min 88 \u20ac El\u00e4kel\u00e4isten sarjakortti: 4&#215;60 min = 190 \u20ac. Sarja maksetaan ensimm\u00e4isell\u00e4 k\u00e4ynnill\u00e4 ja k\u00e4ytet\u00e4\u00e4n kolmen kuukauden kuluessa arkisin klo 9 ja 14 v\u00e4lill\u00e4. Saatavilla my\u00f6s lahjakortteja. Maksuv\u00e4linein\u00e4 pankkikortti, k\u00e4teinen, &hellip; <\/p>\n<p class=\"link-more\"><a href=\"https:\/\/www.hierontaturunen.fi\/index.php\/palvelut\/\" class=\"more-link\">Jatka lukemista<span class=\"screen-reader-text\"> &#8221;Palvelut ja hinnasto 1.8.2024&#8221;<\/span><\/a><\/p>\n","protected":false},"author":1,"featured_media":0,"parent":0,"menu_order":0,"comment_status":"closed","ping_status":"closed","template":"","meta":{"footnotes":""},"class_list":["post-39","page","type-page","status-publish","hentry"],"_links":{"self":[{"href":"https:\/\/www.hierontaturunen.fi\/index.php\/wp-json\/wp\/v2\/pages\/39","targetHints":{"allow":["GET"]}}],"collection":[{"href":"https:\/\/www.hierontaturunen.fi\/index.php\/wp-json\/wp\/v2\/pages"}],"about":[{"href":"https:\/\/www.hierontaturunen.fi\/index.php\/wp-json\/wp\/v2\/types\/page"}],"author":[{"embeddable":true,"href":"https:\/\/www.hierontaturunen.fi\/index.php\/wp-json\/wp\/v2\/users\/1"}],"replies":[{"embeddable":true,"href":"https:\/\/www.hierontaturunen.fi\/index.php\/wp-json\/wp\/v2\/comments?post=39"}],"version-history":[{"count":24,"href":"https:\/\/www.hierontaturunen.fi\/index.php\/wp-json\/wp\/v2\/pages\/39\/revisions"}],"predecessor-version":[{"id":214,"href":"https:\/\/www.hierontaturunen.fi\/index.php\/wp-json\/wp\/v2\/pages\/39\/revisions\/214"}],"wp:attachment":[{"href":"https:\/\/www.hierontaturunen.fi\/index.php\/wp-json\/wp\/v2\/media?parent=39"}],"curies":[{"name":"wp","href":"https:\/\/api.w.org\/{rel}","templated":true}]}}